{"id":132,"date":"2022-10-18T08:31:34","date_gmt":"2022-10-18T06:31:34","guid":{"rendered":"https:\/\/hvelektro.dk\/?page_id=132"},"modified":"2022-10-27T09:28:58","modified_gmt":"2022-10-27T07:28:58","slug":"badvaerksted","status":"publish","type":"page","link":"https:\/\/hvelektro.dk\/index.php\/badvaerksted\/","title":{"rendered":"B\u00e5dv\u00e6rksted"},"content":{"rendered":"<p>[et_pb_section fb_built=&#8221;1&#8243; admin_label=&#8221;Header&#8221; _builder_version=&#8221;4.18.0&#8243; use_background_color_gradient=&#8221;on&#8221; background_color_gradient_stops=&#8221;rgba(0,48,75,0.17) 0%|#00304b 100%&#8221; background_color_gradient_overlays_image=&#8221;on&#8221; background_color_gradient_start=&#8221;rgba(23,0,190,0.3)&#8221; background_color_gradient_end=&#8221;rgba(23,0,190,0.9)&#8221; background_image=&#8221;https:\/\/hvelektro.dk\/wp-content\/uploads\/2022\/10\/badvaerksted_banner.png&#8221; locked=&#8221;off&#8221; global_colors_info=&#8221;{}&#8221;][et_pb_row column_structure=&#8221;2_3,1_3&#8243; _builder_version=&#8221;4.16&#8243; global_colors_info=&#8221;{}&#8221;][et_pb_column type=&#8221;2_3&#8243; _builder_version=&#8221;4.16&#8243; global_colors_info=&#8221;{}&#8221;][et_pb_text _builder_version=&#8221;4.16&#8243; text_font_size=&#8221;16px&#8221; text_line_height=&#8221;1.8em&#8221; header_font=&#8221;Kanit|700|||||||&#8221; header_font_size=&#8221;80px&#8221; background_layout=&#8221;dark&#8221; header_font_size_tablet=&#8221;60px&#8221; header_font_size_phone=&#8221;42px&#8221; header_font_size_last_edited=&#8221;on|phone&#8221; locked=&#8221;off&#8221; global_colors_info=&#8221;{}&#8221;]<\/p>\n<h1>B\u00e5dv\u00e6rksted<\/h1>\n<p>[\/et_pb_text][\/et_pb_column][et_pb_column type=&#8221;1_3&#8243; _builder_version=&#8221;4.16&#8243; global_colors_info=&#8221;{}&#8221;][et_pb_button button_text=&#8221;Kontakt os&#8221; _builder_version=&#8221;4.18.0&#8243; button_border_color=&#8221;rgba(0,0,0,0)&#8221; button_font=&#8221;Kanit|700|||||||&#8221; button_icon=&#8221;&#x24;||divi||400&#8243; background_layout=&#8221;dark&#8221; custom_padding=&#8221;15px||15px||true|true&#8221; locked=&#8221;off&#8221; global_colors_info=&#8221;{}&#8221;][\/et_pb_button][\/et_pb_column][\/et_pb_row][\/et_pb_section][et_pb_section fb_built=&#8221;1&#8243; disabled_on=&#8221;on|on|off&#8221; admin_label=&#8221;About&#8221; _builder_version=&#8221;4.18.0&#8243; global_colors_info=&#8221;{}&#8221;][et_pb_row column_structure=&#8221;2_3,1_3&#8243; _builder_version=&#8221;4.18.0&#8243; custom_padding=&#8221;12px|||||&#8221; global_colors_info=&#8221;{}&#8221;][et_pb_column type=&#8221;2_3&#8243; _builder_version=&#8221;4.16&#8243; global_colors_info=&#8221;{}&#8221;][et_pb_text _builder_version=&#8221;4.18.0&#8243; _module_preset=&#8221;default&#8221; global_colors_info=&#8221;{}&#8221;]<\/p>\n<h2>Service, eftersyn, vedligeholdelse og reparation af joller og b\u00e5de<\/h2>\n<p>[\/et_pb_text][et_pb_text _builder_version=&#8221;4.16&#8243; text_font_size=&#8221;16px&#8221; text_line_height=&#8221;1.8em&#8221; custom_margin=&#8221;-24px|||||&#8221; custom_padding=&#8221;||||false|false&#8221; locked=&#8221;off&#8221; global_colors_info=&#8221;{}&#8221;]<\/p>\n<p><span>HV Elektro er eksperter i at servicere og reparere alt fra mindre joller, der umiddelbart kan transporteres til v\u00e6rkstedet i Holstebro, til st\u00f8rre b\u00e5de, der kr\u00e6ver at vi kommer til havnen.<\/span><\/p>\n<p>[\/et_pb_text][\/et_pb_column][et_pb_column type=&#8221;1_3&#8243; _builder_version=&#8221;4.16&#8243; global_colors_info=&#8221;{}&#8221;][et_pb_text _builder_version=&#8221;4.18.0&#8243; _module_preset=&#8221;default&#8221; global_colors_info=&#8221;{}&#8221;]<\/p>\n<h3 style=\"text-align: center;\">Find vores forretning<\/h3>\n<p>[\/et_pb_text][\/et_pb_column][\/et_pb_row][et_pb_row column_structure=&#8221;2_3,1_3&#8243; _builder_version=&#8221;4.18.0&#8243; custom_padding=&#8221;12px||0px|||&#8221; global_colors_info=&#8221;{}&#8221;][et_pb_column type=&#8221;2_3&#8243; _builder_version=&#8221;4.16&#8243; global_colors_info=&#8221;{}&#8221;][et_pb_text _builder_version=&#8221;4.18.0&#8243; text_font_size=&#8221;16px&#8221; text_line_height=&#8221;1.8em&#8221; custom_margin=&#8221;-24px||37px|||&#8221; custom_padding=&#8221;||||false|false&#8221; locked=&#8221;off&#8221; global_colors_info=&#8221;{}&#8221;]<\/p>\n<p>Vi er ikke blot eksperter i service og reparation af biler \u2013 men ogs\u00e5 b\u00e5de. Her g\u00e6lder alt fra joller til almindelige b\u00e5de, uanset m\u00e6rke. Er der problemer med b\u00e5dens elektriske systemer, kan vi ogs\u00e5 fixe det.<\/p>\n<p>Kan din jolle transporteres det v\u00e6rkstedet, ordner det vi der, men vi kan ogs\u00e5 komme ned til havnen eller hvor din b\u00e5d er lokaliseret. Typisk l\u00f8ser vi opgaver i havnene Lemvig, Handbjerg, Holstebro, Struer og Skive, men er klar p\u00e5 at k\u00f8re ud til hele Danmark.<\/p>\n<p>Vi forhandler Mercury p\u00e5h\u00e6ngsmotorer og hele Palby Marines katalog af reservedele, udover at leverer og monterer dem. Her skal tilf\u00f8jes at vi laver eftersyn, vedligehold og reparation af alle m\u00e6rker.<\/p>\n<p>[\/et_pb_text][\/et_pb_column][et_pb_column type=&#8221;1_3&#8243; _builder_version=&#8221;4.16&#8243; global_colors_info=&#8221;{}&#8221;][dsm_embed_google_map address=&#8221;HV Elektro, Gartnerivej 17, 7500 Holstebro&#8221; _builder_version=&#8221;4.18.0&#8243; _module_preset=&#8221;default&#8221; transform_translate=&#8221;0px|-114px&#8221; transform_translate_linked=&#8221;off&#8221; custom_margin=&#8221;0px|||||&#8221; global_colors_info=&#8221;{}&#8221;][\/dsm_embed_google_map][\/et_pb_column][\/et_pb_row][et_pb_row _builder_version=&#8221;4.18.0&#8243; custom_padding=&#8221;2px|||||&#8221; global_colors_info=&#8221;{}&#8221;][et_pb_column type=&#8221;4_4&#8243; _builder_version=&#8221;4.16&#8243; global_colors_info=&#8221;{}&#8221;][et_pb_image src=&#8221;https:\/\/hvelektro.dk\/wp-content\/uploads\/2022\/10\/badvaerksted_billede.png&#8221; alt=&#8221;reperation af b\u00e5dmotor&#8221; title_text=&#8221;b\u00e5dv\u00e6rksted_billede&#8221; _builder_version=&#8221;4.18.0&#8243; custom_margin=&#8221;||3px|||&#8221; global_colors_info=&#8221;{}&#8221;][\/et_pb_image][et_pb_video src=&#8221;https:\/\/hvelektro.dk\/wp-content\/uploads\/2022\/10\/Bad.mp4&#8243; thumbnail_overlay_color=&#8221;rgba(0,0,0,0.6)&#8221; _builder_version=&#8221;4.18.0&#8243; positioning=&#8221;absolute&#8221; position_origin_a=&#8221;bottom_right&#8221; vertical_offset=&#8221;-24px&#8221; horizontal_offset=&#8221;-16px&#8221; width=&#8221;50%&#8221; max_width=&#8221;400px&#8221; scroll_vertical_motion_enable=&#8221;on&#8221; scroll_vertical_motion=&#8221;0|50|50|100|2|0|-2&#8243; global_colors_info=&#8221;{}&#8221;][\/et_pb_video][\/et_pb_column][\/et_pb_row][\/et_pb_section][et_pb_section fb_built=&#8221;1&#8243; disabled_on=&#8221;off|off|on&#8221; admin_label=&#8221;About&#8221; _builder_version=&#8221;4.18.0&#8243; global_colors_info=&#8221;{}&#8221;][et_pb_row column_structure=&#8221;2_3,1_3&#8243; _builder_version=&#8221;4.18.0&#8243; custom_padding=&#8221;12px||0px|||&#8221; global_colors_info=&#8221;{}&#8221;][et_pb_column type=&#8221;2_3&#8243; _builder_version=&#8221;4.16&#8243; global_colors_info=&#8221;{}&#8221;][et_pb_text _builder_version=&#8221;4.18.0&#8243; _module_preset=&#8221;default&#8221; custom_margin=&#8221;||||false|false&#8221; hover_enabled=&#8221;0&#8243; header_2_font_size_tablet=&#8221;&#8221; header_2_font_size_phone=&#8221;21px&#8221; header_2_font_size_last_edited=&#8221;on|phone&#8221; global_colors_info=&#8221;{}&#8221; header_line_height=&#8221;1.3em&#8221; sticky_enabled=&#8221;0&#8243; header_2_line_height=&#8221;1.3em&#8221;]<\/p>\n<h2>Service, eftersyn, vedligeholdelse og reparation af joller og b\u00e5de<\/h2>\n<p>[\/et_pb_text][\/et_pb_column][et_pb_column type=&#8221;1_3&#8243; _builder_version=&#8221;4.16&#8243; global_colors_info=&#8221;{}&#8221;][\/et_pb_column][\/et_pb_row][et_pb_row column_structure=&#8221;2_3,1_3&#8243; _builder_version=&#8221;4.18.0&#8243; custom_padding=&#8221;0px||||false|false&#8221; hover_enabled=&#8221;0&#8243; global_colors_info=&#8221;{}&#8221; custom_margin=&#8221;-10px|auto||auto|false|false&#8221; sticky_enabled=&#8221;0&#8243;][et_pb_column type=&#8221;2_3&#8243; _builder_version=&#8221;4.16&#8243; global_colors_info=&#8221;{}&#8221;][et_pb_text _builder_version=&#8221;4.18.0&#8243; text_font_size=&#8221;16px&#8221; text_line_height=&#8221;1.8em&#8221; custom_margin=&#8221;||||false|false&#8221; custom_padding=&#8221;0px||||false|false&#8221; hover_enabled=&#8221;0&#8243; locked=&#8221;off&#8221; global_colors_info=&#8221;{}&#8221; sticky_enabled=&#8221;0&#8243;]<\/p>\n<p>Vi er ikke blot eksperter i service og reparation af biler \u2013 men ogs\u00e5 b\u00e5de. Her g\u00e6lder alt fra joller til almindelige b\u00e5de, uanset m\u00e6rke. Er der problemer med b\u00e5dens elektriske systemer, kan vi ogs\u00e5 fixe det.<\/p>\n<p>Kan din jolle transporteres det v\u00e6rkstedet, ordner det vi der, men vi kan ogs\u00e5 komme ned til havnen eller hvor din b\u00e5d er lokaliseret. Typisk l\u00f8ser vi opgaver i havnene Lemvig, Handbjerg, Holstebro, Struer og Skive, men er klar p\u00e5 at k\u00f8re ud til hele Danmark.<\/p>\n<p>Vi forhandler Mercury p\u00e5h\u00e6ngsmotorer og hele Palby Marines katalog af reservedele, udover at leverer og monterer dem. Her skal tilf\u00f8jes at vi laver eftersyn, vedligehold og reparation af alle m\u00e6rker.<\/p>\n<p>[\/et_pb_text][et_pb_text _builder_version=&#8221;4.18.0&#8243; _module_preset=&#8221;default&#8221; global_colors_info=&#8221;{}&#8221;]<\/p>\n<h3 style=\"text-align: center;\">Find vores forretning<\/h3>\n<p>[\/et_pb_text][\/et_pb_column][et_pb_column type=&#8221;1_3&#8243; _builder_version=&#8221;4.16&#8243; global_colors_info=&#8221;{}&#8221;][dsm_embed_google_map address=&#8221;HV Elektro, Gartnerivej 17, 7500 Holstebro&#8221; _builder_version=&#8221;4.18.0&#8243; _module_preset=&#8221;default&#8221; transform_translate=&#8221;0px|-114px&#8221; transform_translate_linked=&#8221;off&#8221; min_height=&#8221;525px&#8221; height=&#8221;525px&#8221; max_height=&#8221;525px&#8221; custom_margin=&#8221;0px|||||&#8221; custom_margin_tablet=&#8221;108px||||false|false&#8221; custom_margin_phone=&#8221;108px||||false|false&#8221; custom_margin_last_edited=&#8221;on|tablet&#8221; global_colors_info=&#8221;{}&#8221;][\/dsm_embed_google_map][\/et_pb_column][\/et_pb_row][et_pb_row _builder_version=&#8221;4.18.0&#8243; custom_padding=&#8221;2px|||||&#8221; global_colors_info=&#8221;{}&#8221;][et_pb_column type=&#8221;4_4&#8243; _builder_version=&#8221;4.16&#8243; global_colors_info=&#8221;{}&#8221;][et_pb_image src=&#8221;https:\/\/hvelektro.dk\/wp-content\/uploads\/2022\/10\/badvaerksted_billede.png&#8221; alt=&#8221;reperation af b\u00e5dmotor&#8221; title_text=&#8221;b\u00e5dv\u00e6rksted_billede&#8221; _builder_version=&#8221;4.18.0&#8243; global_colors_info=&#8221;{}&#8221;][\/et_pb_image][et_pb_video src=&#8221;https:\/\/hvelektro.dk\/wp-content\/uploads\/2022\/10\/Bad.mp4&#8243; thumbnail_overlay_color=&#8221;rgba(0,0,0,0.6)&#8221; disabled_on=&#8221;on|off|off&#8221; _builder_version=&#8221;4.18.0&#8243; positioning=&#8221;absolute&#8221; position_origin_a=&#8221;bottom_right&#8221; vertical_offset=&#8221;-24px&#8221; horizontal_offset=&#8221;-16px&#8221; width=&#8221;50%&#8221; max_width=&#8221;400px&#8221; scroll_vertical_motion_enable=&#8221;on&#8221; scroll_vertical_motion=&#8221;0|50|50|100|2|0|-2&#8243; global_colors_info=&#8221;{}&#8221;][\/et_pb_video][\/et_pb_column][\/et_pb_row][\/et_pb_section][et_pb_section fb_built=&#8221;1&#8243; custom_padding_last_edited=&#8221;on|phone&#8221; admin_label=&#8221;Footer&#8221; _builder_version=&#8221;4.18.0&#8243; use_background_color_gradient=&#8221;on&#8221; background_color_gradient_stops=&#8221;#000000 0%|#00304b 100%&#8221; background_color_gradient_start=&#8221;#000000&#8243; background_color_gradient_end=&#8221;#1700be&#8221; custom_margin=&#8221;-2px||-11px||false|false&#8221; custom_margin_tablet=&#8221;&#8221; custom_margin_phone=&#8221;0px||||false|false&#8221; custom_margin_last_edited=&#8221;on|phone&#8221; custom_padding=&#8221;1px||0px||false|false&#8221; custom_padding_tablet=&#8221;&#8221; custom_padding_phone=&#8221;48px||48px||true|false&#8221; global_module=&#8221;180&#8243; saved_tabs=&#8221;all&#8221; locked=&#8221;off&#8221; global_colors_info=&#8221;{}&#8221;][et_pb_row column_structure=&#8221;1_4,1_4,1_2&#8243; custom_padding_last_edited=&#8221;on|phone&#8221; _builder_version=&#8221;4.18.0&#8243; use_background_color_gradient=&#8221;on&#8221; background_color_gradient_direction=&#8221;135deg&#8221; background_color_gradient_stops=&#8221;rgba(23,0,190,0) 36%|#00304b 36%&#8221; background_color_gradient_start=&#8221;rgba(23,0,190,0)&#8221; background_color_gradient_start_position=&#8221;36%&#8221; background_color_gradient_end=&#8221;#1700be&#8221; background_color_gradient_end_position=&#8221;0%&#8221; background_enable_image=&#8221;off&#8221; custom_margin=&#8221;-80px||||false|false&#8221; custom_margin_tablet=&#8221;&#8221; custom_margin_phone=&#8221;0px||||false|false&#8221; custom_margin_last_edited=&#8221;on|phone&#8221; custom_padding=&#8221;160px||50px||false|false&#8221; custom_padding_tablet=&#8221;||||false|false&#8221; custom_padding_phone=&#8221;0px||||false|false&#8221; background_last_edited=&#8221;on|phone&#8221; use_background_color_gradient_phone=&#8221;off&#8221; box_shadow_style=&#8221;preset4&#8243; box_shadow_horizontal=&#8221;30vw&#8221; box_shadow_vertical=&#8221;0px&#8221; box_shadow_color=&#8221;#00304B&#8221; box_shadow_horizontal_tablet=&#8221;&#8221; box_shadow_horizontal_phone=&#8221;0vw&#8221; box_shadow_horizontal_last_edited=&#8221;on|phone&#8221; global_colors_info=&#8221;{}&#8221;][et_pb_column type=&#8221;1_4&#8243; _builder_version=&#8221;4.16&#8243; global_colors_info=&#8221;{}&#8221;][et_pb_text _builder_version=&#8221;4.18.0&#8243; header_3_font=&#8221;Kanit|700|||||||&#8221; header_3_font_size=&#8221;24px&#8221; header_3_line_height=&#8221;1.4em&#8221; background_layout=&#8221;dark&#8221; global_colors_info=&#8221;{}&#8221;]<\/p>\n<h3>Kontakt os<\/h3>\n<p>[\/et_pb_text][et_pb_blurb use_icon=&#8221;on&#8221; font_icon=&#8221;&#xe081;||divi||400&#8243; icon_color=&#8221;#ffffff&#8221; icon_placement=&#8221;left&#8221; image_icon_width=&#8221;16px&#8221; content_max_width=&#8221;100%&#8221; _builder_version=&#8221;4.18.0&#8243; body_line_height=&#8221;1.2em&#8221; background_layout=&#8221;dark&#8221; animation=&#8221;off&#8221; icon_font_size=&#8221;16px&#8221; global_colors_info=&#8221;{}&#8221;]<\/p>\n<p><span>HV Elektro<\/span><br \/><span>Gartnerivej 17 \u2013 7500 Holstebro<\/span><\/p>\n<p>[\/et_pb_blurb][et_pb_blurb url=&#8221;tel:+4597426544&#8243; use_icon=&#8221;on&#8221; font_icon=&#8221;&#xe090;||divi||400&#8243; icon_color=&#8221;#ffffff&#8221; icon_placement=&#8221;left&#8221; image_icon_width=&#8221;16px&#8221; content_max_width=&#8221;100%&#8221; _builder_version=&#8221;4.18.0&#8243; body_line_height=&#8221;1.2em&#8221; background_layout=&#8221;dark&#8221; animation=&#8221;off&#8221; link_option_url=&#8221;tel:+4597426544&#8243; icon_font_size=&#8221;16px&#8221; global_colors_info=&#8221;{}&#8221;]<\/p>\n<p><span>+45 97 42 65 44<\/span><\/p>\n<p>[\/et_pb_blurb][et_pb_blurb url=&#8221;mailto:jesper@hv-elektro.dk&#8221; use_icon=&#8221;on&#8221; font_icon=&#8221;&#xe076;||divi||400&#8243; icon_color=&#8221;#ffffff&#8221; icon_placement=&#8221;left&#8221; image_icon_width=&#8221;16px&#8221; content_max_width=&#8221;100%&#8221; _builder_version=&#8221;4.18.0&#8243; body_line_height=&#8221;1.2em&#8221; background_layout=&#8221;dark&#8221; animation=&#8221;off&#8221; link_option_url=&#8221;mailto:jesper@hv-elektro.dk&#8221; icon_font_size=&#8221;16px&#8221; global_colors_info=&#8221;{}&#8221;]<\/p>\n<p><span>jesper@hv-elektro.dk<\/span><\/p>\n<p>[\/et_pb_blurb][\/et_pb_column][et_pb_column type=&#8221;1_4&#8243; _builder_version=&#8221;4.16&#8243; global_colors_info=&#8221;{}&#8221;][et_pb_text _builder_version=&#8221;4.18.0&#8243; _module_preset=&#8221;default&#8221; header_3_font=&#8221;Kanit|700|||||||&#8221; header_3_text_color=&#8221;#FFFFFF&#8221; header_3_font_size=&#8221;24px&#8221; header_4_font=&#8221;Kanit|700|||||||&#8221; header_4_text_color=&#8221;#FFFFFF&#8221; header_4_font_size=&#8221;26px&#8221; custom_margin=&#8221;||9px|||&#8221; global_colors_info=&#8221;{}&#8221;]<\/p>\n<h3>\u00c5bningstider<\/h3>\n<p>[\/et_pb_text][et_pb_text _builder_version=&#8221;4.18.0&#8243; _module_preset=&#8221;default&#8221; text_text_color=&#8221;#FFFFFF&#8221; text_line_height=&#8221;0.9em&#8221; custom_margin=&#8221;||20px|||&#8221; global_colors_info=&#8221;{}&#8221;]<\/p>\n<p style=\"text-align: left;\">Mandag &#8211; torsdag\u00a0 \u00a0 \u00a0 \u00a0 \u00a0 \u00a0 \u00a0 \u00a0 07:00 &#8211; 16:30<\/p>\n<p style=\"text-align: left;\">Fredag\u00a0 \u00a0 \u00a0 \u00a0 \u00a0 \u00a0 \u00a0 \u00a0 \u00a0 \u00a0 \u00a0 \u00a0 \u00a0 \u00a0 \u00a0 \u00a0 \u00a0 \u00a007:00 &#8211; 15:00<\/p>\n<p style=\"text-align: left;\">L\u00f8rdag &amp; S\u00f8ndag\u00a0 \u00a0 \u00a0 \u00a0 \u00a0 \u00a0 \u00a0 \u00a0 Lukket<\/p>\n<p style=\"text-align: left;\">[\/et_pb_text][et_pb_text _builder_version=&#8221;4.18.0&#8243; header_3_font=&#8221;Kanit|700|||||||&#8221; header_3_font_size=&#8221;24px&#8221; header_3_line_height=&#8221;1.4em&#8221; background_layout=&#8221;dark&#8221; custom_margin=&#8221;||7px|||&#8221; locked=&#8221;off&#8221; global_colors_info=&#8221;{}&#8221;]<\/p>\n<h3>F\u00f8lg os<\/h3>\n<p>[\/et_pb_text][et_pb_social_media_follow icon_color=&#8221;#FFFFFF&#8221; use_icon_font_size=&#8221;on&#8221; icon_font_size=&#8221;22px&#8221; _builder_version=&#8221;4.18.0&#8243; _module_preset=&#8221;default&#8221; background_color=&#8221;RGBA(255,255,255,0)&#8221; text_orientation=&#8221;left&#8221; global_colors_info=&#8221;{}&#8221;][et_pb_social_media_follow_network social_network=&#8221;facebook&#8221; url=&#8221;https:\/\/www.facebook.com\/hvelektro.dk&#8221; _builder_version=&#8221;4.18.0&#8243; _module_preset=&#8221;default&#8221; background_color=&#8221;#3b5998&#8243; global_colors_info=&#8221;{}&#8221; follow_button=&#8221;off&#8221; url_new_window=&#8221;on&#8221;]facebook[\/et_pb_social_media_follow_network][et_pb_social_media_follow_network social_network=&#8221;linkedin&#8221; url=&#8221;https:\/\/www.linkedin.com\/company\/hv-elektro-a-s\/&#8221; _builder_version=&#8221;4.18.0&#8243; _module_preset=&#8221;default&#8221; background_color=&#8221;#007bb6&#8243; global_colors_info=&#8221;{}&#8221; follow_button=&#8221;off&#8221; url_new_window=&#8221;on&#8221;]linkedin[\/et_pb_social_media_follow_network][\/et_pb_social_media_follow][\/et_pb_column][et_pb_column type=&#8221;1_2&#8243; _builder_version=&#8221;4.16&#8243; global_colors_info=&#8221;{}&#8221;][dsm_embed_google_map address=&#8221;HV Elektro, Gartnerivej 17, 7500 Holstebro&#8221; zoom=&#8221;12&#8243; _builder_version=&#8221;4.18.0&#8243; _module_preset=&#8221;default&#8221; global_colors_info=&#8221;{}&#8221;][\/dsm_embed_google_map][\/et_pb_column][\/et_pb_row][\/et_pb_section]<\/p>\n","protected":false},"excerpt":{"rendered":"<p>B\u00e5dv\u00e6rkstedService, eftersyn, vedligeholdelse og reparation af joller og b\u00e5deHV Elektro er eksperter i at servicere og reparere alt fra mindre joller, der umiddelbart kan transporteres til v\u00e6rkstedet i Holstebro, til st\u00f8rre b\u00e5de, der kr\u00e6ver at vi kommer til havnen.Find vores forretningVi er ikke blot eksperter i service og reparation af biler \u2013 men ogs\u00e5 b\u00e5de. [&hellip;]<\/p>\n","protected":false},"author":2,"featured_media":0,"parent":0,"menu_order":0,"comment_status":"closed","ping_status":"closed","template":"","meta":{"_et_pb_use_builder":"on","_et_pb_old_content":"","_et_gb_content_width":"","footnotes":""},"class_list":["post-132","page","type-page","status-publish","hentry"],"yoast_head":"<!-- This site is optimized with the Yoast SEO plugin v27.0 - https:\/\/yoast.com\/product\/yoast-seo-wordpress\/ -->\n<title>B\u00e5dv\u00e6rksted - HV Elektro<\/title>\n<meta name=\"robots\" content=\"index, follow, max-snippet:-1, max-image-preview:large, max-video-preview:-1\" \/>\n<link rel=\"canonical\" href=\"https:\/\/hvelektro.dk\/index.php\/badvaerksted\/\" \/>\n<meta property=\"og:locale\" content=\"en_US\" \/>\n<meta property=\"og:type\" content=\"article\" \/>\n<meta property=\"og:title\" content=\"B\u00e5dv\u00e6rksted - HV Elektro\" \/>\n<meta property=\"og:description\" content=\"B\u00e5dv\u00e6rkstedService, eftersyn, vedligeholdelse og reparation af joller og b\u00e5deHV Elektro er eksperter i at servicere og reparere alt fra mindre joller, der umiddelbart kan transporteres til v\u00e6rkstedet i Holstebro, til st\u00f8rre b\u00e5de, der kr\u00e6ver at vi kommer til havnen.Find vores forretningVi er ikke blot eksperter i service og reparation af biler \u2013 men ogs\u00e5 b\u00e5de. [&hellip;]\" \/>\n<meta property=\"og:url\" content=\"https:\/\/hvelektro.dk\/index.php\/badvaerksted\/\" \/>\n<meta property=\"og:site_name\" content=\"HV Elektro\" \/>\n<meta property=\"article:modified_time\" content=\"2022-10-27T07:28:58+00:00\" \/>\n<meta name=\"twitter:card\" content=\"summary_large_image\" \/>\n<meta name=\"twitter:label1\" content=\"Est. reading time\" \/>\n\t<meta name=\"twitter:data1\" content=\"10 minutes\" \/>\n<script type=\"application\/ld+json\" class=\"yoast-schema-graph\">{\"@context\":\"https:\/\/schema.org\",\"@graph\":[{\"@type\":\"WebPage\",\"@id\":\"https:\/\/hvelektro.dk\/index.php\/badvaerksted\/\",\"url\":\"https:\/\/hvelektro.dk\/index.php\/badvaerksted\/\",\"name\":\"B\u00e5dv\u00e6rksted - HV Elektro\",\"isPartOf\":{\"@id\":\"https:\/\/hvelektro.dk\/#website\"},\"datePublished\":\"2022-10-18T06:31:34+00:00\",\"dateModified\":\"2022-10-27T07:28:58+00:00\",\"breadcrumb\":{\"@id\":\"https:\/\/hvelektro.dk\/index.php\/badvaerksted\/#breadcrumb\"},\"inLanguage\":\"en-US\",\"potentialAction\":[{\"@type\":\"ReadAction\",\"target\":[\"https:\/\/hvelektro.dk\/index.php\/badvaerksted\/\"]}]},{\"@type\":\"BreadcrumbList\",\"@id\":\"https:\/\/hvelektro.dk\/index.php\/badvaerksted\/#breadcrumb\",\"itemListElement\":[{\"@type\":\"ListItem\",\"position\":1,\"name\":\"Home\",\"item\":\"https:\/\/hvelektro.dk\/\"},{\"@type\":\"ListItem\",\"position\":2,\"name\":\"B\u00e5dv\u00e6rksted\"}]},{\"@type\":\"WebSite\",\"@id\":\"https:\/\/hvelektro.dk\/#website\",\"url\":\"https:\/\/hvelektro.dk\/\",\"name\":\"HV Elektro\",\"description\":\"HV Elektro i Holstebro er Nordvestjyllands specialister i bil- og b\u00e5delektronik, startere, generatorer, b\u00e5dmotorer, airconditionanl\u00e6g og reparation af instrumentpaneler.\",\"potentialAction\":[{\"@type\":\"SearchAction\",\"target\":{\"@type\":\"EntryPoint\",\"urlTemplate\":\"https:\/\/hvelektro.dk\/?s={search_term_string}\"},\"query-input\":{\"@type\":\"PropertyValueSpecification\",\"valueRequired\":true,\"valueName\":\"search_term_string\"}}],\"inLanguage\":\"en-US\"}]}<\/script>\n<!-- \/ Yoast SEO plugin. -->","yoast_head_json":{"title":"B\u00e5dv\u00e6rksted - HV Elektro","robots":{"index":"index","follow":"follow","max-snippet":"max-snippet:-1","max-image-preview":"max-image-preview:large","max-video-preview":"max-video-preview:-1"},"canonical":"https:\/\/hvelektro.dk\/index.php\/badvaerksted\/","og_locale":"en_US","og_type":"article","og_title":"B\u00e5dv\u00e6rksted - HV Elektro","og_description":"B\u00e5dv\u00e6rkstedService, eftersyn, vedligeholdelse og reparation af joller og b\u00e5deHV Elektro er eksperter i at servicere og reparere alt fra mindre joller, der umiddelbart kan transporteres til v\u00e6rkstedet i Holstebro, til st\u00f8rre b\u00e5de, der kr\u00e6ver at vi kommer til havnen.Find vores forretningVi er ikke blot eksperter i service og reparation af biler \u2013 men ogs\u00e5 b\u00e5de. [&hellip;]","og_url":"https:\/\/hvelektro.dk\/index.php\/badvaerksted\/","og_site_name":"HV Elektro","article_modified_time":"2022-10-27T07:28:58+00:00","twitter_card":"summary_large_image","twitter_misc":{"Est. reading time":"10 minutes"},"schema":{"@context":"https:\/\/schema.org","@graph":[{"@type":"WebPage","@id":"https:\/\/hvelektro.dk\/index.php\/badvaerksted\/","url":"https:\/\/hvelektro.dk\/index.php\/badvaerksted\/","name":"B\u00e5dv\u00e6rksted - HV Elektro","isPartOf":{"@id":"https:\/\/hvelektro.dk\/#website"},"datePublished":"2022-10-18T06:31:34+00:00","dateModified":"2022-10-27T07:28:58+00:00","breadcrumb":{"@id":"https:\/\/hvelektro.dk\/index.php\/badvaerksted\/#breadcrumb"},"inLanguage":"en-US","potentialAction":[{"@type":"ReadAction","target":["https:\/\/hvelektro.dk\/index.php\/badvaerksted\/"]}]},{"@type":"BreadcrumbList","@id":"https:\/\/hvelektro.dk\/index.php\/badvaerksted\/#breadcrumb","itemListElement":[{"@type":"ListItem","position":1,"name":"Home","item":"https:\/\/hvelektro.dk\/"},{"@type":"ListItem","position":2,"name":"B\u00e5dv\u00e6rksted"}]},{"@type":"WebSite","@id":"https:\/\/hvelektro.dk\/#website","url":"https:\/\/hvelektro.dk\/","name":"HV Elektro","description":"HV Elektro i Holstebro er Nordvestjyllands specialister i bil- og b\u00e5delektronik, startere, generatorer, b\u00e5dmotorer, airconditionanl\u00e6g og reparation af instrumentpaneler.","potentialAction":[{"@type":"SearchAction","target":{"@type":"EntryPoint","urlTemplate":"https:\/\/hvelektro.dk\/?s={search_term_string}"},"query-input":{"@type":"PropertyValueSpecification","valueRequired":true,"valueName":"search_term_string"}}],"inLanguage":"en-US"}]}},"_links":{"self":[{"href":"https:\/\/hvelektro.dk\/index.php\/wp-json\/wp\/v2\/pages\/132","targetHints":{"allow":["GET"]}}],"collection":[{"href":"https:\/\/hvelektro.dk\/index.php\/wp-json\/wp\/v2\/pages"}],"about":[{"href":"https:\/\/hvelektro.dk\/index.php\/wp-json\/wp\/v2\/types\/page"}],"author":[{"embeddable":true,"href":"https:\/\/hvelektro.dk\/index.php\/wp-json\/wp\/v2\/users\/2"}],"replies":[{"embeddable":true,"href":"https:\/\/hvelektro.dk\/index.php\/wp-json\/wp\/v2\/comments?post=132"}],"version-history":[{"count":16,"href":"https:\/\/hvelektro.dk\/index.php\/wp-json\/wp\/v2\/pages\/132\/revisions"}],"predecessor-version":[{"id":444,"href":"https:\/\/hvelektro.dk\/index.php\/wp-json\/wp\/v2\/pages\/132\/revisions\/444"}],"wp:attachment":[{"href":"https:\/\/hvelektro.dk\/index.php\/wp-json\/wp\/v2\/media?parent=132"}],"curies":[{"name":"wp","href":"https:\/\/api.w.org\/{rel}","templated":true}]}}